{"id":9,"date":"2020-04-13T12:46:19","date_gmt":"2020-04-13T10:46:19","guid":{"rendered":"http:\/\/elivie.de\/blog\/?page_id=9"},"modified":"2020-05-04T20:10:59","modified_gmt":"2020-05-04T18:10:59","slug":"ueber-elivie","status":"publish","type":"page","link":"https:\/\/elivie.de\/blog\/ueber-elivie\/","title":{"rendered":"elivie"},"content":{"rendered":"\n<h2 class=\"wp-block-heading\">Was wir tun:<\/h2>\n\n\n\n<p>Elivie ist eine kollaborative Plattform kreativer Menschen, die sich in ihrem Schaffen kritisch mit Gesellschaft auseinandersetzen. Digitale und virtuelle R\u00e4ume stehen f\u00fcr Austausch, Diskussion und verschiedenste Projekte zur Verf\u00fcgung. So unsere Vision.<br><br>W\u00e4hrend wir daran arbeiten und lernen elivie virtuell aufzubauen, l\u00e4dt elivie-Blog ein, sich inhaltlich mit verschiedensten Themen auseinanderzusetzen. <br><br>Du hast Anregungen, Fragen oder willst unbedingt wissen, wie du Teil von elivie werden kannst? Wir freuen uns \u00fcber deine Nachricht!<\/p>\n\n\n\n<h2 class=\"wp-block-heading\">Was wir sind:<\/h2>\n\n\n\n<p><strong>Offen<\/strong>: Interessierte laden wir ein, mit ihren Ideen und Projekten Teil von elivie zu werden.<br><br><strong>Inklusiv<\/strong>: Diversit\u00e4t, Chancengerechtigkeit und Gleichberechtigung sind f\u00fcr uns Grundvoraussetzung.<br><br><strong>Partizipativ:<\/strong> Unsere Projekte und Arbeitsprozesse gestalten wir konsensorientiert und transparent. Elivie bietet einen hierarchiefreien Raum f\u00fcr kreatives Schaffen.<br><br><strong>Gemeinschaftlich: <\/strong>Zwischenmenschliches Arbeiten verstehen wir im Kontext eines gemeinsinnorientierten Arbeitens. Wir stehen ein f\u00fcr sozialen Kontakt, Austausch und die Verwirklichung des Individuums im Netz der Gemeinschaft.<\/p>\n\n\n\n<h2 class=\"wp-block-heading\">Was wir wollen:<\/h2>\n\n\n\n<p><strong>Gesellschaftliche<\/strong> <strong>Verantwortung \u00fcbernehmen: <\/strong>F\u00fcr politische Teilhabe sowie einen undogmatischen und meinungsbildenden Diskurs steht elivie. Wir f\u00f6rdern einen gleichberechtigten Wissenszugang und ein tolerantes Miteinander. Nachhaltigkeit ist die Basis allen Handelns.<br><br><strong>Selbstkritisch: <\/strong>Uns und unser Tun hinterfragen wir im Blick auf die gesellschaftliche Wirkung, kritisch und reflektiv.<br><br><strong>Kreativ:<\/strong> Neue Formen und Techniken der Auseinandersetzung mit Zugangsformen zu und Blickwinkel auf gesellschaftsrelevanten Themen suchen und f\u00f6rdern wir.<br><br><strong>Wertsch\u00e4tzende Kommunikation:<\/strong> Im Miteinander sind wir respektvoll und kommunizieren auf transparente, konstruktive und diskursive Weise.<br><br><strong>Agil:<\/strong> Elivie bietet eine sichere und verl\u00e4ssliche, konzeptionelle und organisatorische Plattform. Die Kollaboration ist hierarchiefrei und organisiert sich in flexibel zusammengesetzten und vernetzten Teams und Kleingruppen.<br><br><strong>Freier Wissens- und Informationszugang:<\/strong> Von Ideologien jeder Art und deren interessensgeleiteten Einfl\u00fcssen distanzieren wir uns. Fundiertes Wissen soll offen, zug\u00e4nglich, erschlie\u00dfbar und teilbar gemacht werden. Wissen verstehen wir als ein Daten- und Informationsnetz, welches f\u00fcr Transformation und gesellschaftliches Handeln erm\u00e4chtigen soll. <br><br><strong>Datenschutz:<\/strong> Den Schutz der Privatsph\u00e4re achten wir, stehen f\u00fcr das unver\u00e4u\u00dferliche Recht auf die souver\u00e4ne Kontrolle des Individuums \u00fcber seine pers\u00f6nlichen Daten und f\u00fcr den freien Zugang zu jeglichem Allgemein- und Fachwissen ein.<\/p>\n","protected":false},"excerpt":{"rendered":"<p>Was wir tun: Elivie ist eine kollaborative Plattform kreativer Menschen, die sich in ihrem Schaffen kritisch mit Gesellschaft auseinandersetzen. Digitale und virtuelle R\u00e4ume stehen f\u00fcr Austausch, Diskussion und verschiedenste Projekte zur Verf\u00fcgung. So unsere Vision. W\u00e4hrend wir daran arbeiten und lernen elivie virtuell aufzubauen, l\u00e4dt elivie-Blog ein, sich inhaltlich mit verschiedensten Themen auseinanderzusetzen. Du hast &hellip; <\/p>\n<p class=\"link-more\"><a href=\"https:\/\/elivie.de\/blog\/ueber-elivie\/\" class=\"more-link\"><span class=\"screen-reader-text\">\u201eelivie\u201c<\/span> weiterlesen<\/a><\/p>\n","protected":false},"author":1,"featured_media":0,"parent":0,"menu_order":50,"comment_status":"closed","ping_status":"closed","template":"","meta":{"footnotes":""},"_links":{"self":[{"href":"https:\/\/elivie.de\/blog\/wp-json\/wp\/v2\/pages\/9"}],"collection":[{"href":"https:\/\/elivie.de\/blog\/wp-json\/wp\/v2\/pages"}],"about":[{"href":"https:\/\/elivie.de\/blog\/wp-json\/wp\/v2\/types\/page"}],"author":[{"embeddable":true,"href":"https:\/\/elivie.de\/blog\/wp-json\/wp\/v2\/users\/1"}],"replies":[{"embeddable":true,"href":"https:\/\/elivie.de\/blog\/wp-json\/wp\/v2\/comments?post=9"}],"version-history":[{"count":6,"href":"https:\/\/elivie.de\/blog\/wp-json\/wp\/v2\/pages\/9\/revisions"}],"predecessor-version":[{"id":72,"href":"https:\/\/elivie.de\/blog\/wp-json\/wp\/v2\/pages\/9\/revisions\/72"}],"wp:attachment":[{"href":"https:\/\/elivie.de\/blog\/wp-json\/wp\/v2\/media?parent=9"}],"curies":[{"name":"wp","href":"https:\/\/api.w.org\/{rel}","templated":true}]}}